{"id":24,"date":"2016-09-28T17:10:06","date_gmt":"2016-09-28T17:10:06","guid":{"rendered":"http:\/\/rotaryeclub.se\/wp\/?page_id=24"},"modified":"2025-08-17T16:57:50","modified_gmt":"2025-08-17T14:57:50","slug":"var-styrelse","status":"publish","type":"page","link":"https:\/\/rotaryeclub.se\/wp\/var-styrelse\/","title":{"rendered":"V\u00e5r styrelse"},"content":{"rendered":"<section id=\"builder-section-1475167105606\" class=\"builder-section-first builder-section builder-section-text builder-section-next-text builder-text-columns-1\" style=\"background-repeat: repeat;background-position: center center;\">\n<div class=\"builder-section-content\">\n<div class=\"builder-text-row\">\n<div class=\"builder-text-column builder-text-column-1\" id=\"builder-section-1475167105606-column-1\">\n<div class=\"builder-text-content\">\n<h1>rotaryeclub.se styrelse<\/h1>\n<p>Rotaryklubbens styrelsen 2025-2026 best\u00e5r av f\u00f6ljande funktioner och uppdraget i styrelsen \u00e4r p\u00e5 1 \u00e5r. Du n\u00e5r styrelsen genom att kontakta oss <a href=\"https:\/\/rotaryeclub.se\/wp\/kontakt\/\" target=\"_blank\" rel=\"noopener\">h\u00e4r<\/a>.<\/p>\n<\/p><\/div>\n<\/p><\/div>\n<\/p><\/div>\n<div class=\"builder-text-row\">\n<div class=\"builder-text-column builder-text-column-2\" id=\"builder-section-1475167105606-column-1\">\n<div class=\"builder-text-content\">\n\t\t\t\t\t\t\t\t\t\t\t<\/div>\n<\/p><\/div>\n<\/p><\/div>\n<\/p><\/div>\n<\/section>\n<section id=\"builder-section-1487268560721\" class=\"builder-section-prev-text builder-section builder-section-text builder-section-next-text builder-text-columns-3 layout-4-8\" style=\"background-repeat: repeat;background-position: center center;\">\n<div class=\"builder-section-content\">\n<div class=\"builder-text-row\">\n<div class=\"builder-text-column builder-text-column-1\" id=\"builder-section-1487268560721-column-1\">\n<div class=\"builder-text-content\">\n<p><img loading=\"lazy\" decoding=\"async\" class=\"alignnone wp-image-245\" src=\"http:\/\/rotaryeclub.se\/wp\/wp-content\/uploads\/2016\/09\/charlotte383_low.jpg\" width=\"224\" height=\"299\" srcset=\"https:\/\/rotaryeclub.se\/wp\/wp-content\/uploads\/2016\/09\/charlotte383_low.jpg 300w, https:\/\/rotaryeclub.se\/wp\/wp-content\/uploads\/2016\/09\/charlotte383_low-225x300.jpg 225w\" sizes=\"auto, (max-width: 224px) 100vw, 224px\" \/><\/p>\n<p><strong>President \/ Skattm\u00e4stare<\/strong><br \/>Charlotte Ahlberg<\/p>\n<p><strong>Presentation:<br \/><\/strong><em><span style=\"font-weight: 400;\">Jag kan bidra genom erfarenheter inom:<br \/><\/span><\/em><span style=\"font-weight: 400;\">Ekonomisk Coaching, Styrelsearbete, Trendspaning och strategisk utveckling<\/span><\/p>\n<p><em><span style=\"font-weight: 400;\">Min roll i Rotary\u00a0<br \/><\/span><\/em><span style=\"font-weight: 400;\">Charterpresident i klubben, kass\u00f6r i klubben. Internationellt engagerad i Rotary.\u00a0<\/span><\/p>\n<p><em><span style=\"font-weight: 400;\">Min koppling till vatten:<br \/><\/span><\/em><span style=\"font-weight: 400;\">\u00c4lskar bl\u00e5tt! Bor p\u00e5 \u00d6land omgiven av vatten. Bidrag till vattenprojekt \u00e4r bidrag till b\u00e4ttre liv.<\/span><\/p>\n<p><span style=\"font-weight: 400;\">L\u00e4nkar till mig:<\/span><span style=\"font-weight: 400;\"><br \/><\/span><a href=\"http:\/\/www.ekonomiskcoaching.se\"><span style=\"font-weight: 400;\">www.ekonomiskcoaching.se<\/span><\/a><\/p>\n<\/p><\/div>\n<\/p><\/div>\n<div class=\"builder-text-column builder-text-column-2\" id=\"builder-section-1487268560721-column-2\">\n<div class=\"builder-text-content\">\n<p><img loading=\"lazy\" decoding=\"async\" class=\"\" src=\"https:\/\/www.crsadmin.com\/gen\/Data\/MemberPhotoes\/2370\/12160\/8c7f8e06-c3cd-4a78-8d17-ba07079c7767.jpg\" alt=\"Medlemsbild\" width=\"326\" height=\"331\" \/><\/p>\n<p><strong>Immediate Past President<br \/><\/strong>Eva Hyllstam<\/p>\n<p><strong>Presentation<br \/><\/strong><em><span style=\"font-weight: 400;\">Jag kan bidra genom erfarenheter inom:<br \/><\/span><\/em><span style=\"font-weight: 400;\">\u00c4gt och drivit kontorshotell i 30 \u00e5r, globalt ledarskap, ledarskapsutbildningar, styrelser.<\/span><\/p>\n<p><em><span style=\"font-weight: 400;\">Min roll i Rotary:<br \/><\/span><\/em><span style=\"font-weight: 400;\">Sekreterare och inkommande president 2023\/2024<\/span><\/p>\n<p><em><span style=\"font-weight: 400;\">Min koppling till vatten:<br \/><\/span><\/em><span style=\"font-weight: 400;\">Jag \u00e4lskar havet, bor i G\u00f6teborg n\u00e4ra salta v\u00e5gor och karga klippor. Har 3 dammar i tr\u00e4dg\u00e5rden.<\/span><\/p>\n<\/p><\/div>\n<\/p><\/div>\n<div class=\"builder-text-column builder-text-column-3\" id=\"builder-section-1487268560721-column-3\">\n<div class=\"builder-text-content\">\n<p style=\"text-align: left;\"><strong><img loading=\"lazy\" decoding=\"async\" class=\"alignnone wp-image-4327\" src=\"https:\/\/rotaryeclub.se\/wp\/wp-content\/uploads\/2023\/08\/AD-266x300.jpg\" alt=\"\" width=\"248\" height=\"280\" srcset=\"https:\/\/rotaryeclub.se\/wp\/wp-content\/uploads\/2023\/08\/AD-266x300.jpg 266w, https:\/\/rotaryeclub.se\/wp\/wp-content\/uploads\/2023\/08\/AD-907x1024.jpg 907w, https:\/\/rotaryeclub.se\/wp\/wp-content\/uploads\/2023\/08\/AD-768x867.jpg 768w, https:\/\/rotaryeclub.se\/wp\/wp-content\/uploads\/2023\/08\/AD-600x677.jpg 600w, https:\/\/rotaryeclub.se\/wp\/wp-content\/uploads\/2023\/08\/AD.jpg 1032w\" sizes=\"auto, (max-width: 248px) 100vw, 248px\" \/><br \/><\/strong><\/p>\n<p style=\"text-align: left;\"><strong style=\"font-size: 1.6rem;\">Sekreterare<br \/><\/strong>Agneta Dryselius<\/p>\n<p><strong>Presentation<br \/><\/strong><em>Jag kan bidra med erfarenheter<br \/><\/em><span style=\"font-weight: 400;\">fr\u00e5n mina \u00e5r som DC i distriktet f\u00f6r ungdomsutbytet samt inom administration fr\u00e5n mitt yrkesliv som bl a enhetschef vid Link\u00f6pings universitet.<\/span><\/p>\n<p><em>Min roll i Rotary<br \/><\/em><span style=\"font-weight: 400;\">Att vara medm\u00e4nniska samt att jag var president under 2022\/2023.<\/span><\/p>\n<p><em>Min koppling till vatten<br \/><\/em><span style=\"font-weight: 400;\">Ingen speciell koppling men tycker det k\u00e4nns h\u00e4rligt att vara med i en Rotaryklubb som hj\u00e4lper m\u00e5nga som beh\u00f6ver rent vatten.<\/span><\/p>\n<\/p><\/div>\n<\/p><\/div>\n<\/p><\/div>\n<div class=\"builder-text-row\">\n<div class=\"builder-text-column builder-text-column-4\" id=\"builder-section-1487268560721-column-1\">\n<div class=\"builder-text-content\">\n<p><img loading=\"lazy\" decoding=\"async\" class=\"alignnone size-medium wp-image-5084\" src=\"https:\/\/rotaryeclub.se\/wp\/wp-content\/uploads\/2025\/08\/9khgwbju-225x300.png\" alt=\"\" width=\"225\" height=\"300\" srcset=\"https:\/\/rotaryeclub.se\/wp\/wp-content\/uploads\/2025\/08\/9khgwbju-225x300.png 225w, https:\/\/rotaryeclub.se\/wp\/wp-content\/uploads\/2025\/08\/9khgwbju-45x60.png 45w, https:\/\/rotaryeclub.se\/wp\/wp-content\/uploads\/2025\/08\/9khgwbju-67x90.png 67w, https:\/\/rotaryeclub.se\/wp\/wp-content\/uploads\/2025\/08\/9khgwbju.png 337w\" sizes=\"auto, (max-width: 225px) 100vw, 225px\" \/><\/p>\n<p><strong>Ledamot<\/strong><br \/>Ewa Ryhr Andersson<\/p>\n<p><strong>Presentation:<br \/><\/strong><em><span style=\"font-weight: 400;\">Jag kan bidra genom erfarenheter inom:<br \/><\/span><\/em>Utbildad agronom inom jordbruket. Erfarenheter fr\u00e5n flera olika jobb, senast 15 \u00e5r som verksamhetschef f\u00f6r V\u00e4xtlust V\u00e4rmlands sex kommuner stora leaderomr\u00e5de i v\u00e4stra och norra V\u00e4rmland.<\/p>\n<p><em><span style=\"font-weight: 400;\">Min roll i Rotary\u00a0<br \/><\/span><\/em><span style=\"font-weight: 400;\">Blev medlem i Rotary distrikt 2340 i juni 2015 och d\u00e5 i hemklubben Sunne Rotaryklubb. Jag har varit president 2 g\u00e5nger d\u00e4r och flyttade \u00f6ver till E-Club 2410 n\u00e4r vi la ner Sunneklubben sommaren 2022.\u00a0<\/span><\/p>\n<p><em><span style=\"font-weight: 400;\">Min koppling till vatten:<br \/><\/span><\/em><span style=\"font-weight: 400;\">Bor intill Bj\u00f6rka \u00e4lv. \u00c4r intresserad av att vi h\u00e5ller vattendragen i landet friska och sunda s\u00e5 att vi fortsatt kan dricka direkt ur v\u00e5ra b\u00e4ckar vid skogspromenader och ur alla vattenkranar i Sveriges hush\u00e5ll.<\/span><\/p>\n<\/p><\/div>\n<\/p><\/div>\n<div class=\"builder-text-column builder-text-column-5\" id=\"builder-section-1487268560721-column-2\">\n<div class=\"builder-text-content\">\n<p><img loading=\"lazy\" decoding=\"async\" class=\"alignnone size-medium wp-image-4426\" src=\"https:\/\/rotaryeclub.se\/wp\/wp-content\/uploads\/2023\/09\/Maria-R-199x300.jpg\" alt=\"\" width=\"199\" height=\"300\" srcset=\"https:\/\/rotaryeclub.se\/wp\/wp-content\/uploads\/2023\/09\/Maria-R-199x300.jpg 199w, https:\/\/rotaryeclub.se\/wp\/wp-content\/uploads\/2023\/09\/Maria-R-678x1024.jpg 678w, https:\/\/rotaryeclub.se\/wp\/wp-content\/uploads\/2023\/09\/Maria-R-768x1160.jpg 768w, https:\/\/rotaryeclub.se\/wp\/wp-content\/uploads\/2023\/09\/Maria-R-1017x1536.jpg 1017w, https:\/\/rotaryeclub.se\/wp\/wp-content\/uploads\/2023\/09\/Maria-R-600x906.jpg 600w, https:\/\/rotaryeclub.se\/wp\/wp-content\/uploads\/2023\/09\/Maria-R.jpg 1356w\" sizes=\"auto, (max-width: 199px) 100vw, 199px\" \/><br \/><strong>Ledamot<\/strong><br \/>Maria Reuterhagen<\/p>\n<p><strong>Presentation<\/strong>:<br \/><em>Jag kan bidra genom erfarenheter inom:<\/em><br \/>Har varit egenf\u00f6retagare inom bes\u00f6ksn\u00e4ringsbranschen s\u00e5 turismsektorn \u00e4r v\u00e4l det omr\u00e5de jag har mest kunskap om, men jobbar numera inom Gripen-projektet p\u00e5 SAAB. Jag har annars varit cirkelledare i knyppling, kan dansa medeltids-, ren\u00e4ssans-, barock-, rokoko- och nyklassicistiska danser och isdans samt l\u00e4sa en runsten.<\/p>\n<p><em>Min roll i i Rotary:<br \/><\/em>Chartersekreterare, har innan jag tog klivet in i Rotary tidigare startat en Rotaract-klubb i Stockholm och omstartat en annan Rotaract-klubb i Link\u00f6ping, och \u00e4r mest intresserad av aff\u00e4rsn\u00e4tverkande.<\/p>\n<p><em>Min koppling till vatten:<\/em><br \/>Spenderade m\u00e5nga somrar hos min mormor och morfar som hade egen brunn till tr\u00e4dg\u00e5rdsbevattningen. Denna brunn kr\u00e5nglade ofta s\u00e5 jag vet hur knepigt det kan vara n\u00e4r vattenf\u00f6rs\u00f6rjningen inte funkar. Vi hade ocks\u00e5 tillg\u00e5ng till en sj\u00f6 n\u00e5gon mil bort fr\u00e5n mormors och morfars hus d\u00e4r morfar hade en rodd-eka f\u00f6rt\u00f6jd. Det \u00e4r n\u00e5t visst med att ro en eka p\u00e5 en stilla sj\u00f6 och l\u00e4gga i kr\u00e4ftburar eller sitta och meta.<\/p>\n<\/p><\/div>\n<\/p><\/div>\n<\/p><\/div>\n<\/p><\/div>\n<\/section>\n<section id=\"builder-section-text_91\" class=\"builder-section-prev-text builder-section builder-section-text builder-section-next-text builder-text-columns-3 layout-3-6\" style=\"background-size: cover; background-repeat: no-repeat;background-position: center center;\">\n<div class=\"builder-section-content\">\n<div class=\"builder-text-row\">\n<div class=\"builder-text-column builder-text-column-1\" id=\"builder-section-text_91-column-1\">\n<div class=\"builder-text-content\">\n\t\t\t\t\t\t\t\t\t\t\t<\/div>\n<\/p><\/div>\n<div class=\"builder-text-column builder-text-column-2\" id=\"builder-section-text_91-column-2\">\n<div class=\"builder-text-content\">\n\t\t\t\t\t\t\t\t\t\t\t<\/div>\n<\/p><\/div>\n<div class=\"builder-text-column builder-text-column-3\" id=\"builder-section-text_91-column-3\">\n<div class=\"builder-text-content\">\n\t\t\t\t\t\t\t\t\t\t\t<\/div>\n<\/p><\/div>\n<\/p><\/div>\n<\/p><\/div>\n<\/section>\n<section id=\"builder-section-1475166203502\" class=\"builder-section-prev-text builder-section builder-section-text builder-section-last builder-text-columns-3 layout-4-8\" style=\"background-repeat: repeat;background-position: center center;\">\n<div class=\"builder-section-content\">\n<div class=\"builder-text-row\">\n<div class=\"builder-text-column builder-text-column-1\" id=\"builder-section-1475166203502-column-1\">\n<div class=\"builder-text-content\">\n\t\t\t\t\t\t\t\t\t\t\t<\/div>\n<\/p><\/div>\n<div class=\"builder-text-column builder-text-column-2\" id=\"builder-section-1475166203502-column-2\">\n<div class=\"builder-text-content\">\n\t\t\t\t\t\t\t\t\t\t\t<\/div>\n<\/p><\/div>\n<div class=\"builder-text-column builder-text-column-3\" id=\"builder-section-1475166203502-column-3\">\n<div class=\"builder-text-content\">\n\t\t\t\t\t\t\t\t\t\t\t<\/div>\n<\/p><\/div>\n<\/p><\/div>\n<\/p><\/div>\n<\/section>\n","protected":false},"excerpt":{"rendered":"<p>rotaryeclub.se styrelse Rotaryklubbens styrelsen 2025-2026 best\u00e5r av f\u00f6ljande funktioner och uppdraget i styrelsen \u00e4r p\u00e5 1 \u00e5r. Du n\u00e5r styrelsen genom att kontakta oss h\u00e4r. President \/ Skattm\u00e4stareCharlotte Ahlberg Presentation:Jag &hellip;<\/p>\n","protected":false},"author":1,"featured_media":0,"parent":0,"menu_order":0,"comment_status":"closed","ping_status":"closed","template":"template-builder.php","meta":{"footnotes":""},"class_list":["post-24","page","type-page","status-publish","hentry"],"yoast_head":"<!-- This site is optimized with the Yoast SEO plugin v25.8 - https:\/\/yoast.com\/wordpress\/plugins\/seo\/ -->\n<title>V\u00e5r styrelse - Rotary E-Club<\/title>\n<meta name=\"robots\" content=\"index, follow, max-snippet:-1, max-image-preview:large, max-video-preview:-1\" \/>\n<link rel=\"canonical\" href=\"https:\/\/rotaryeclub.se\/wp\/var-styrelse\/\" \/>\n<meta property=\"og:locale\" content=\"sv_SE\" \/>\n<meta property=\"og:type\" content=\"article\" \/>\n<meta property=\"og:title\" content=\"V\u00e5r styrelse - Rotary E-Club\" \/>\n<meta property=\"og:description\" content=\"rotaryeclub.se styrelse Rotaryklubbens styrelsen 2025-2026 best\u00e5r av f\u00f6ljande funktioner och uppdraget i styrelsen \u00e4r p\u00e5 1 \u00e5r. Du n\u00e5r styrelsen genom att kontakta oss h\u00e4r. President \/ Skattm\u00e4stareCharlotte Ahlberg Presentation:Jag &hellip;\" \/>\n<meta property=\"og:url\" content=\"https:\/\/rotaryeclub.se\/wp\/var-styrelse\/\" \/>\n<meta property=\"og:site_name\" content=\"Rotary E-Club\" \/>\n<meta property=\"article:publisher\" content=\"https:\/\/www.facebook.com\/rotaryeclub.se\" \/>\n<meta property=\"article:modified_time\" content=\"2025-08-17T14:57:50+00:00\" \/>\n<meta property=\"og:image\" content=\"https:\/\/rotaryeclub.se\/wp\/wp-content\/uploads\/2016\/09\/charlotte383_low.jpg\" \/>\n\t<meta property=\"og:image:width\" content=\"300\" \/>\n\t<meta property=\"og:image:height\" content=\"400\" \/>\n\t<meta property=\"og:image:type\" content=\"image\/jpeg\" \/>\n<meta name=\"twitter:card\" content=\"summary_large_image\" \/>\n<meta name=\"twitter:label1\" content=\"Ber\u00e4knad l\u00e4stid\" \/>\n\t<meta name=\"twitter:data1\" content=\"4 minuter\" \/>\n<script type=\"application\/ld+json\" class=\"yoast-schema-graph\">{\"@context\":\"https:\/\/schema.org\",\"@graph\":[{\"@type\":\"WebPage\",\"@id\":\"https:\/\/rotaryeclub.se\/wp\/var-styrelse\/\",\"url\":\"https:\/\/rotaryeclub.se\/wp\/var-styrelse\/\",\"name\":\"V\u00e5r styrelse - Rotary E-Club\",\"isPartOf\":{\"@id\":\"https:\/\/rotaryeclub.se\/wp\/#website\"},\"primaryImageOfPage\":{\"@id\":\"https:\/\/rotaryeclub.se\/wp\/var-styrelse\/#primaryimage\"},\"image\":{\"@id\":\"https:\/\/rotaryeclub.se\/wp\/var-styrelse\/#primaryimage\"},\"thumbnailUrl\":\"http:\/\/rotaryeclub.se\/wp\/wp-content\/uploads\/2016\/09\/charlotte383_low.jpg\",\"datePublished\":\"2016-09-28T17:10:06+00:00\",\"dateModified\":\"2025-08-17T14:57:50+00:00\",\"breadcrumb\":{\"@id\":\"https:\/\/rotaryeclub.se\/wp\/var-styrelse\/#breadcrumb\"},\"inLanguage\":\"sv-SE\",\"potentialAction\":[{\"@type\":\"ReadAction\",\"target\":[\"https:\/\/rotaryeclub.se\/wp\/var-styrelse\/\"]}]},{\"@type\":\"ImageObject\",\"inLanguage\":\"sv-SE\",\"@id\":\"https:\/\/rotaryeclub.se\/wp\/var-styrelse\/#primaryimage\",\"url\":\"https:\/\/rotaryeclub.se\/wp\/wp-content\/uploads\/2016\/09\/charlotte383_low.jpg\",\"contentUrl\":\"https:\/\/rotaryeclub.se\/wp\/wp-content\/uploads\/2016\/09\/charlotte383_low.jpg\",\"width\":300,\"height\":400},{\"@type\":\"BreadcrumbList\",\"@id\":\"https:\/\/rotaryeclub.se\/wp\/var-styrelse\/#breadcrumb\",\"itemListElement\":[{\"@type\":\"ListItem\",\"position\":1,\"name\":\"Hem\",\"item\":\"https:\/\/rotaryeclub.se\/wp\/\"},{\"@type\":\"ListItem\",\"position\":2,\"name\":\"V\u00e5r styrelse\"}]},{\"@type\":\"WebSite\",\"@id\":\"https:\/\/rotaryeclub.se\/wp\/#website\",\"url\":\"https:\/\/rotaryeclub.se\/wp\/\",\"name\":\"Rotary E-Club\",\"description\":\"Sveriges Rotaryklubb p\u00e5 n\u00e4tet\",\"publisher\":{\"@id\":\"https:\/\/rotaryeclub.se\/wp\/#organization\"},\"potentialAction\":[{\"@type\":\"SearchAction\",\"target\":{\"@type\":\"EntryPoint\",\"urlTemplate\":\"https:\/\/rotaryeclub.se\/wp\/?s={search_term_string}\"},\"query-input\":{\"@type\":\"PropertyValueSpecification\",\"valueRequired\":true,\"valueName\":\"search_term_string\"}}],\"inLanguage\":\"sv-SE\"},{\"@type\":\"Organization\",\"@id\":\"https:\/\/rotaryeclub.se\/wp\/#organization\",\"name\":\"Rotary E-club 2410\",\"url\":\"https:\/\/rotaryeclub.se\/wp\/\",\"logo\":{\"@type\":\"ImageObject\",\"inLanguage\":\"sv-SE\",\"@id\":\"https:\/\/rotaryeclub.se\/wp\/#\/schema\/logo\/image\/\",\"url\":\"https:\/\/rotaryeclub.se\/wp\/wp-content\/uploads\/2018\/07\/mailchimp.png\",\"contentUrl\":\"https:\/\/rotaryeclub.se\/wp\/wp-content\/uploads\/2018\/07\/mailchimp.png\",\"width\":646,\"height\":256,\"caption\":\"Rotary E-club 2410\"},\"image\":{\"@id\":\"https:\/\/rotaryeclub.se\/wp\/#\/schema\/logo\/image\/\"},\"sameAs\":[\"https:\/\/www.facebook.com\/rotaryeclub.se\"]}]}<\/script>\n<!-- \/ Yoast SEO plugin. -->","yoast_head_json":{"title":"V\u00e5r styrelse - Rotary E-Club","robots":{"index":"index","follow":"follow","max-snippet":"max-snippet:-1","max-image-preview":"max-image-preview:large","max-video-preview":"max-video-preview:-1"},"canonical":"https:\/\/rotaryeclub.se\/wp\/var-styrelse\/","og_locale":"sv_SE","og_type":"article","og_title":"V\u00e5r styrelse - Rotary E-Club","og_description":"rotaryeclub.se styrelse Rotaryklubbens styrelsen 2025-2026 best\u00e5r av f\u00f6ljande funktioner och uppdraget i styrelsen \u00e4r p\u00e5 1 \u00e5r. Du n\u00e5r styrelsen genom att kontakta oss h\u00e4r. President \/ Skattm\u00e4stareCharlotte Ahlberg Presentation:Jag &hellip;","og_url":"https:\/\/rotaryeclub.se\/wp\/var-styrelse\/","og_site_name":"Rotary E-Club","article_publisher":"https:\/\/www.facebook.com\/rotaryeclub.se","article_modified_time":"2025-08-17T14:57:50+00:00","og_image":[{"width":300,"height":400,"url":"https:\/\/rotaryeclub.se\/wp\/wp-content\/uploads\/2016\/09\/charlotte383_low.jpg","type":"image\/jpeg"}],"twitter_card":"summary_large_image","twitter_misc":{"Ber\u00e4knad l\u00e4stid":"4 minuter"},"schema":{"@context":"https:\/\/schema.org","@graph":[{"@type":"WebPage","@id":"https:\/\/rotaryeclub.se\/wp\/var-styrelse\/","url":"https:\/\/rotaryeclub.se\/wp\/var-styrelse\/","name":"V\u00e5r styrelse - Rotary E-Club","isPartOf":{"@id":"https:\/\/rotaryeclub.se\/wp\/#website"},"primaryImageOfPage":{"@id":"https:\/\/rotaryeclub.se\/wp\/var-styrelse\/#primaryimage"},"image":{"@id":"https:\/\/rotaryeclub.se\/wp\/var-styrelse\/#primaryimage"},"thumbnailUrl":"http:\/\/rotaryeclub.se\/wp\/wp-content\/uploads\/2016\/09\/charlotte383_low.jpg","datePublished":"2016-09-28T17:10:06+00:00","dateModified":"2025-08-17T14:57:50+00:00","breadcrumb":{"@id":"https:\/\/rotaryeclub.se\/wp\/var-styrelse\/#breadcrumb"},"inLanguage":"sv-SE","potentialAction":[{"@type":"ReadAction","target":["https:\/\/rotaryeclub.se\/wp\/var-styrelse\/"]}]},{"@type":"ImageObject","inLanguage":"sv-SE","@id":"https:\/\/rotaryeclub.se\/wp\/var-styrelse\/#primaryimage","url":"https:\/\/rotaryeclub.se\/wp\/wp-content\/uploads\/2016\/09\/charlotte383_low.jpg","contentUrl":"https:\/\/rotaryeclub.se\/wp\/wp-content\/uploads\/2016\/09\/charlotte383_low.jpg","width":300,"height":400},{"@type":"BreadcrumbList","@id":"https:\/\/rotaryeclub.se\/wp\/var-styrelse\/#breadcrumb","itemListElement":[{"@type":"ListItem","position":1,"name":"Hem","item":"https:\/\/rotaryeclub.se\/wp\/"},{"@type":"ListItem","position":2,"name":"V\u00e5r styrelse"}]},{"@type":"WebSite","@id":"https:\/\/rotaryeclub.se\/wp\/#website","url":"https:\/\/rotaryeclub.se\/wp\/","name":"Rotary E-Club","description":"Sveriges Rotaryklubb p\u00e5 n\u00e4tet","publisher":{"@id":"https:\/\/rotaryeclub.se\/wp\/#organization"},"potentialAction":[{"@type":"SearchAction","target":{"@type":"EntryPoint","urlTemplate":"https:\/\/rotaryeclub.se\/wp\/?s={search_term_string}"},"query-input":{"@type":"PropertyValueSpecification","valueRequired":true,"valueName":"search_term_string"}}],"inLanguage":"sv-SE"},{"@type":"Organization","@id":"https:\/\/rotaryeclub.se\/wp\/#organization","name":"Rotary E-club 2410","url":"https:\/\/rotaryeclub.se\/wp\/","logo":{"@type":"ImageObject","inLanguage":"sv-SE","@id":"https:\/\/rotaryeclub.se\/wp\/#\/schema\/logo\/image\/","url":"https:\/\/rotaryeclub.se\/wp\/wp-content\/uploads\/2018\/07\/mailchimp.png","contentUrl":"https:\/\/rotaryeclub.se\/wp\/wp-content\/uploads\/2018\/07\/mailchimp.png","width":646,"height":256,"caption":"Rotary E-club 2410"},"image":{"@id":"https:\/\/rotaryeclub.se\/wp\/#\/schema\/logo\/image\/"},"sameAs":["https:\/\/www.facebook.com\/rotaryeclub.se"]}]}},"_links":{"self":[{"href":"https:\/\/rotaryeclub.se\/wp\/wp-json\/wp\/v2\/pages\/24","targetHints":{"allow":["GET"]}}],"collection":[{"href":"https:\/\/rotaryeclub.se\/wp\/wp-json\/wp\/v2\/pages"}],"about":[{"href":"https:\/\/rotaryeclub.se\/wp\/wp-json\/wp\/v2\/types\/page"}],"author":[{"embeddable":true,"href":"https:\/\/rotaryeclub.se\/wp\/wp-json\/wp\/v2\/users\/1"}],"replies":[{"embeddable":true,"href":"https:\/\/rotaryeclub.se\/wp\/wp-json\/wp\/v2\/comments?post=24"}],"version-history":[{"count":8,"href":"https:\/\/rotaryeclub.se\/wp\/wp-json\/wp\/v2\/pages\/24\/revisions"}],"predecessor-version":[{"id":5087,"href":"https:\/\/rotaryeclub.se\/wp\/wp-json\/wp\/v2\/pages\/24\/revisions\/5087"}],"wp:attachment":[{"href":"https:\/\/rotaryeclub.se\/wp\/wp-json\/wp\/v2\/media?parent=24"}],"curies":[{"name":"wp","href":"https:\/\/api.w.org\/{rel}","templated":true}]}}